{"id":82,"date":"2016-05-29T20:06:48","date_gmt":"2016-05-29T18:06:48","guid":{"rendered":"http:\/\/jion-blonstein.com\/?page_id=82"},"modified":"2022-09-28T10:53:51","modified_gmt":"2022-09-28T07:53:51","slug":"mentor","status":"publish","type":"page","link":"http:\/\/jion-blonstein.com\/mentor\/","title":{"rendered":"\ud83c\udde9\ud83c\uddeaTherapie, Coaching, Zen"},"content":{"rendered":"<p><strong>\u00a0<\/strong><\/p>\n<p style=\"text-align: center;\">Ein Einblick in meine Arbeit<\/p>\n<blockquote><p><strong><em>Ganzheitliche Therapie und spirituelle Lebensberatung<\/em><\/strong><\/p><\/blockquote>\n<p>Als Zen Therapeut arbeite ich vor allem mit Traumata, deren Pr\u00e4gungen und Schatten. Manche Traumata und Pr\u00e4gungen k\u00f6nnen nicht im eignen Leben aufgefunden werden. Dazu geh\u00f6ren\u00a0 transgenerationale Traumata. Auch nutze ich die jungschen Archetypen und Schatten.<\/p>\n<p>Als Coach schaue ich mit dir nach einem Ziel, dass du erreichen m\u00f6chtest. Zielorientierte Arbeit macht vor allem dann Sinn, wenn du gerade in einem Projekt oder in einer Herausforderung steckst. Coaching kann auch viel Unsinn bringen und zwar immer dann, wenn die Motivation, also das was dich antreibt, aus Pr\u00e4gungen, Traumata, Schatten, gesellschaftlichen Zw\u00e4ngen und Glaubenss\u00e4tzen besteht und dadurch deine eigentlichen W\u00fcnsche verf\u00e4lscht.<\/p>\n<p>Als Zen Meister unterrichte ich dich in der Kunst der Hingabe in deine jeweilige Erfahrung und Lebenssituation. Du lernst dich selbst als etwas kennen, dass gr\u00f6\u00dfer ist, als das kleine \u201eich\u201c. Du erh\u00e4lt dadurch Perspektive.<\/p>\n<p>Im Alltag Zen zu leben und zu lernen, das ist der eigentliche Zen Weg. Es ist deswegen ein Weg, weil ihn noch nie jemand gegangen ist, au\u00dfer dir. Es gibt eine Richtung, die man als richtig bezeichnen k\u00f6nnte. Aber die Art und Weise, wie du gehst, ist f\u00fcr jeden Menschen anders.<\/p>\n<p>Die Zen-Therapeutische Arbeit ist wie eine Tasse guten Tees, eine Reise in ein fernes, abgelegenes Land oder eine Besteigung eines Berges. Es hat keinen besonderen Sinn Tee zu trinken oder einen Berg zu besteigen. Doch genau deswegen ist es so erf\u00fcllend.<\/p>\n<p>Zusammen unternehmen wir eine Reise ins Unterbewusstsein; Sie f\u00e4ngt oft mit Tr\u00e4nen an und breitet sich mit tiefer Zufriedenheit und Selbsterkenntnis langsam in deinem Alltag aus.<\/p>\n<p style=\"text-align: left;\">Eine Session kann weltweit online gebucht werden.<\/p>\n<p><a href=\"http:\/\/jion-blonstein.com\/de\/kontakt-termine\/\" target=\"_blank\" rel=\"noopener noreferrer\">Kontakt<\/a><\/p>\n","protected":false},"excerpt":{"rendered":"<p>\u00a0 Ein Einblick in meine Arbeit Ganzheitliche Therapie und spirituelle Lebensberatung Als Zen Therapeut arbeite ich vor allem mit Traumata, deren Pr\u00e4gungen und Schatten. Manche Traumata und Pr\u00e4gungen k\u00f6nnen nicht im eignen Leben aufgefunden werden. Dazu geh\u00f6ren\u00a0 transgenerationale Traumata. Auch nutze ich die jungschen Archetypen und Schatten. Als Coach schaue ich mit dir nach einem&#8230;<\/p>\n","protected":false},"author":1,"featured_media":0,"parent":0,"menu_order":0,"comment_status":"closed","ping_status":"closed","template":"nosidebar.php","meta":{"_monsterinsights_skip_tracking":false,"_monsterinsights_sitenote_active":false,"_monsterinsights_sitenote_note":"","_monsterinsights_sitenote_category":0,"_uf_show_specific_survey":0,"_uf_disable_surveys":false,"jetpack_post_was_ever_published":false,"footnotes":""},"class_list":["post-82","page","type-page","status-publish","hentry"],"aioseo_notices":[],"jetpack_sharing_enabled":true,"jetpack_shortlink":"https:\/\/wp.me\/P7DEQd-1k","jetpack-related-posts":[],"_links":{"self":[{"href":"http:\/\/jion-blonstein.com\/wp-json\/wp\/v2\/pages\/82","targetHints":{"allow":["GET"]}}],"collection":[{"href":"http:\/\/jion-blonstein.com\/wp-json\/wp\/v2\/pages"}],"about":[{"href":"http:\/\/jion-blonstein.com\/wp-json\/wp\/v2\/types\/page"}],"author":[{"embeddable":true,"href":"http:\/\/jion-blonstein.com\/wp-json\/wp\/v2\/users\/1"}],"replies":[{"embeddable":true,"href":"http:\/\/jion-blonstein.com\/wp-json\/wp\/v2\/comments?post=82"}],"version-history":[{"count":77,"href":"http:\/\/jion-blonstein.com\/wp-json\/wp\/v2\/pages\/82\/revisions"}],"predecessor-version":[{"id":1715,"href":"http:\/\/jion-blonstein.com\/wp-json\/wp\/v2\/pages\/82\/revisions\/1715"}],"wp:attachment":[{"href":"http:\/\/jion-blonstein.com\/wp-json\/wp\/v2\/media?parent=82"}],"curies":[{"name":"wp","href":"https:\/\/api.w.org\/{rel}","templated":true}]}}