{"id":79,"date":"2016-05-29T20:05:54","date_gmt":"2016-05-29T18:05:54","guid":{"rendered":"http:\/\/jion-blonstein.com\/?page_id=79"},"modified":"2022-09-28T11:55:55","modified_gmt":"2022-09-28T08:55:55","slug":"erfahrungsberichte","status":"publish","type":"page","link":"http:\/\/jion-blonstein.com\/erfahrungsberichte\/","title":{"rendered":"Testimonials"},"content":{"rendered":"<p><strong>Grateful<\/strong><\/p>\n<blockquote><p><em>I suffered from peripheral neuropathy, with sharp, jabbing, throbbing and burning pain in my legs. One session with Jion and all the symptoms disappeared for good. I realized that it was connected to my childhood trauma, 60 years ago. Being a doctor, it took me some time to trust the astonishing results. <\/em><\/p>\n<p>Dr. O. Sharif <em>(U.S.A.)<\/em><\/p><\/blockquote>\n<p><strong>Jion helped me find my way<\/strong><\/p>\n<blockquote><p>When I met Jion I was depressed and having a hard time dealing with my everyday life. I used to have horrible migraines once or more times a week. Jion\u00a0was offering spiritual counseling that seemed to be what I was looking for. We started working together and I discovered a person with an incredible listening capacity and a big heart. Jion\u00b4s Method combines psychology, spiritual practice and body work. Jion\u00a0knows by intuition how to combine them to get the better results. I started to open up slowly and could connect deeply to myself after only a few sessions. I was not afraid of my emotions anymore and could trust myself. Only after a few months my migraines disappeared and I started seeing life differently. Threw his own experience and his authenticity, Jion\u00a0helped me find my way. Thank you so much.<\/p><\/blockquote>\n<p><span style=\"color: #808080;\"><strong>N. Karam (Germany\/France)<\/strong><\/span><\/p>\n<p><strong>All in all, I\u2019m starting to see this pattern of my behaviour,<\/strong><\/p>\n<blockquote><p>\u00a0&#8230;where I often let people feel they can control me and that I often just \u201croll over\u201d and apologise and take their \u201cpsychopath\u201d behaviour because I put myself in this victim or prey position, but now that I\u2019m getting better at identifying this behaviour i also feel i can stop it and try and set my boundaries and not let them affect me. As always, thank you for helping and listening and teaching, I am so incredibly grateful for all the help and insights i get from our talks. I hope\/think you know and feel that. Thank you Jion.<br \/>\nOh and also one more thing. What you said about that if I can\u2019t hold space for myself and my feelings, how can hold space for others, that really helped me to think and to accept myself even more and to help me think about everything as well! So thank you for that too.<\/p>\n<p>Julia (Swiss)<\/p><\/blockquote>\n<p><strong>Hey Jion<\/strong> <strong>something strange is happening since our last appointment<\/strong><\/p>\n<blockquote><p>My thoughts are reversing<br \/>\nI change my thoughts and now my reality changes completely<br \/>\nThe hate is becoming love. Some guy just passed me paper so I can dry my hands, a woman opened me a building so I can protect myself for the rain<br \/>\nThank you<br \/>\nI&#8217;m becoming more free<\/p>\n<p><em>Gabriel (France)<\/em><\/p><\/blockquote>\n<p><strong>Your extremely valuable work were the catalyst that made it all happen<\/strong><\/p>\n<blockquote><p>There isn&#8217;t one single conversation we have without me learning at least one thing from you.\u00a0Some of the most important achievements of my self discovery and spiritual development quest I have conquered through my work with you Jion: learning to face and overcome my weaknesses, facing and dissolving pain coming from the past and turning it into a fueling energy, making peace with myself by overcoming the guilt feeling, mindful breathing and breathing focused meditation and perhaps the highest blessing of all &#8211; living from the heart instead of mind.\u00a0I know I was fully aware and prepared, but I also know that your extremely valuable work and experience were the catalyst that made it all happen.\u00a0I am very grateful and will always whole heartedly recommend Jion\u00b4s Work.<\/p><\/blockquote>\n<p><strong>O.Aitichson (England)<\/strong><\/p>\n<p>&nbsp;<\/p>\n<p><strong>&#8220;It is a method that opens a door on spirituality and unity&#8221;<\/strong><\/p>\n<blockquote><p>Jion and his coaching gave me the opportunity to become more aware of my evolutionary process. This is a way for me to take the distance on my daily life and to observe, accept and possibly change my unconscious mechanisms.\u00a0This is an opportunity to become aware of myself and others, as well as work on my self-reliance, self-acceptance and my self-esteem. This type of individual work is a process in itself and comprises different phases that follow the rhythm of my life. It is a comprehensive approach that not only the psychological aspect, but actually create the link between the body, mind and heart. It is a method that opens a door on spirituality and unity.\u00a0I can only recommend.<\/p><\/blockquote>\n<p><span style=\"color: #808080;\"><strong>Mi\u00e8ge B\u00e9r\u00e9nice (France)<\/strong><\/span><\/p>\n<p>&nbsp;<\/p>\n<p><strong>From the bottom of my heart,<\/strong><\/p>\n<blockquote><p>Thank you Jion for everything you have helped me with. I could never dream that I would be in the place I am now, how far I have come, with your help. I will say thank you to you and the universe and myself, and continue to observe and experience and experiment.<\/p>\n<p><span style=\"color: #808080;\"><strong>Doris T.<\/strong><\/span><\/p><\/blockquote>\n<p><span class=\"_5yl5\"><strong>Danke Jion,<\/strong><\/span><\/p>\n<blockquote><p><span class=\"_5yl5\">Dass ich mit Dir so viel lernen konnte.<br \/>\nUnsere Begegnung hat mir ein gr\u00f6\u00dferes St\u00fcck dazu beigetragen, so zufrieden und frei zu werden, wie ich heute bin und werde. Danke f\u00fcr Deine Unterst\u00fctzung.<\/span><\/p><\/blockquote>\n<p><span style=\"color: #808080;\"><strong>Anne R. (Sweden)<br \/>\n<\/strong><\/span><\/p>\n<p>&nbsp;<\/p>\n<p><strong>Sehr geehrter Jion,<\/strong><br \/>\nnochmals meinen herzlichen Dank daf\u00fcr, dass Sie mich so gut auf meine Zahn-OP vorbereitet haben. Ich bin wesentlich ruhiger und entspannter in die Behandlung gegangen als sonst. Die Ansage des Zahnarztes, zum Ausatmen beim Spritze setzen hat auch bestens geklappt! Und meine Vorbehalte, was alles passieren k\u00f6nnte, habe ich durch Vertrauen in ihn und seine Arbeit ersetzt. Ich danke Ihnen, dass Sie mir diese Erfahrung erm\u00f6glicht haben!<br \/>\nMit besten Gr\u00fc\u00dfen,<\/p>\n<p><span style=\"color: #808080;\">Maria S. (Germany)<br \/>\n<\/span><\/p>\n<p>&nbsp;<\/p>\n<p style=\"text-align: left;\"><span style=\"font-size: 16px;\"><strong>&#8220;Ohne Menschen wie Dich h\u00e4tte ich den Weg aus der eigenen H\u00f6lle wohl nicht gefunden&#8221;<\/strong><\/span><\/p>\n<blockquote>\n<p style=\"text-align: left;\"><span style=\"font-size: 16px;\">Ich m\u00f6cht mich nochmals herzlich bei Dir bedanken, dass Du mir in einer sehr schweren Zeit, wo ich sehr verwirrt war, die Hand gereicht hast! Ohne Menschen wie Dich h\u00e4tte ich den Weg aus der eigenen H\u00f6lle wohl nicht gefunden. Es hat sich seither vieles getan, viel Heilung ist geschehen, besonders in mir. Und immer wieder passieren kleinere und gr\u00f6ssere Wunder. Daf\u00fcr bin ich sehr dankbar. Was Du den Menschen mit Deiner Arbeit schenkst, mit Deinem Sein ist wundervoll! Und das mein ich ganz ohne Ges\u00fclze.<\/span><\/p>\n<\/blockquote>\n<p style=\"text-align: right;\"><span style=\"color: #808080;\"><strong>E. Christ (Bavaria)<\/strong><\/span><\/p>\n","protected":false},"excerpt":{"rendered":"<p>Grateful I suffered from peripheral neuropathy, with sharp, jabbing, throbbing and burning pain in my legs. One session with Jion and all the symptoms disappeared for good. I realized that it was connected to my childhood trauma, 60 years ago. Being a doctor, it took me some time to trust the astonishing results. Dr. O&#8230;.<\/p>\n","protected":false},"author":1,"featured_media":0,"parent":0,"menu_order":0,"comment_status":"closed","ping_status":"closed","template":"nosidebar.php","meta":{"_monsterinsights_skip_tracking":false,"_monsterinsights_sitenote_active":false,"_monsterinsights_sitenote_note":"","_monsterinsights_sitenote_category":0,"_uf_show_specific_survey":0,"_uf_disable_surveys":false,"jetpack_post_was_ever_published":false,"footnotes":""},"class_list":["post-79","page","type-page","status-publish","hentry"],"aioseo_notices":[],"jetpack_sharing_enabled":true,"jetpack_shortlink":"https:\/\/wp.me\/P7DEQd-1h","jetpack-related-posts":[],"_links":{"self":[{"href":"http:\/\/jion-blonstein.com\/wp-json\/wp\/v2\/pages\/79","targetHints":{"allow":["GET"]}}],"collection":[{"href":"http:\/\/jion-blonstein.com\/wp-json\/wp\/v2\/pages"}],"about":[{"href":"http:\/\/jion-blonstein.com\/wp-json\/wp\/v2\/types\/page"}],"author":[{"embeddable":true,"href":"http:\/\/jion-blonstein.com\/wp-json\/wp\/v2\/users\/1"}],"replies":[{"embeddable":true,"href":"http:\/\/jion-blonstein.com\/wp-json\/wp\/v2\/comments?post=79"}],"version-history":[{"count":43,"href":"http:\/\/jion-blonstein.com\/wp-json\/wp\/v2\/pages\/79\/revisions"}],"predecessor-version":[{"id":1731,"href":"http:\/\/jion-blonstein.com\/wp-json\/wp\/v2\/pages\/79\/revisions\/1731"}],"wp:attachment":[{"href":"http:\/\/jion-blonstein.com\/wp-json\/wp\/v2\/media?parent=79"}],"curies":[{"name":"wp","href":"https:\/\/api.w.org\/{rel}","templated":true}]}}