{"id":17,"date":"2016-05-16T14:13:49","date_gmt":"2016-05-16T12:13:49","guid":{"rendered":"http:\/\/jion-blonstein.com\/?page_id=17"},"modified":"2026-04-28T21:21:05","modified_gmt":"2026-04-28T18:21:05","slug":"kontakt-termine","status":"publish","type":"page","link":"http:\/\/jion-blonstein.com\/kontakt-termine\/","title":{"rendered":"Kontakt & Termine"},"content":{"rendered":"<p>Feel free to email me at<strong>: <\/strong><strong>Zenmasterjion@gmail.com<\/strong><\/p>\n<p>&nbsp;<\/p>\n<p>F\u00fcr Termine und Fragen k\u00f6nnen Sie mich \u00fcber diese Email erreichen<strong>:\u00a0 <\/strong><strong>Zenmasterjion@gmail.com<br \/>\n<span style=\"color: #000080;\"><br \/>\n<\/span><\/strong><\/p>\n<p>&nbsp;<\/p>\n<p>&nbsp;<\/p>\n","protected":false},"excerpt":{"rendered":"<p>Feel free to email me at: Zenmasterjion@gmail.com &nbsp; F\u00fcr Termine und Fragen k\u00f6nnen Sie mich \u00fcber diese Email erreichen:\u00a0 Zenmasterjion@gmail.com &nbsp; &nbsp;<\/p>\n","protected":false},"author":1,"featured_media":0,"parent":0,"menu_order":0,"comment_status":"closed","ping_status":"closed","template":"nosidebar.php","meta":{"_monsterinsights_skip_tracking":false,"_monsterinsights_sitenote_active":false,"_monsterinsights_sitenote_note":"","_monsterinsights_sitenote_category":0,"_uf_show_specific_survey":0,"_uf_disable_surveys":false,"jetpack_post_was_ever_published":false,"footnotes":""},"class_list":["post-17","page","type-page","status-publish","hentry"],"aioseo_notices":[],"jetpack_sharing_enabled":true,"jetpack_shortlink":"https:\/\/wp.me\/P7DEQd-h","jetpack-related-posts":[],"_links":{"self":[{"href":"http:\/\/jion-blonstein.com\/wp-json\/wp\/v2\/pages\/17","targetHints":{"allow":["GET"]}}],"collection":[{"href":"http:\/\/jion-blonstein.com\/wp-json\/wp\/v2\/pages"}],"about":[{"href":"http:\/\/jion-blonstein.com\/wp-json\/wp\/v2\/types\/page"}],"author":[{"embeddable":true,"href":"http:\/\/jion-blonstein.com\/wp-json\/wp\/v2\/users\/1"}],"replies":[{"embeddable":true,"href":"http:\/\/jion-blonstein.com\/wp-json\/wp\/v2\/comments?post=17"}],"version-history":[{"count":10,"href":"http:\/\/jion-blonstein.com\/wp-json\/wp\/v2\/pages\/17\/revisions"}],"predecessor-version":[{"id":1762,"href":"http:\/\/jion-blonstein.com\/wp-json\/wp\/v2\/pages\/17\/revisions\/1762"}],"wp:attachment":[{"href":"http:\/\/jion-blonstein.com\/wp-json\/wp\/v2\/media?parent=17"}],"curies":[{"name":"wp","href":"https:\/\/api.w.org\/{rel}","templated":true}]}}