{"id":158,"date":"2016-06-02T22:36:37","date_gmt":"2016-06-02T20:36:37","guid":{"rendered":"http:\/\/jion-blonstein.com\/?page_id=158"},"modified":"2021-03-31T20:07:02","modified_gmt":"2021-03-31T18:07:02","slug":"workshops","status":"publish","type":"page","link":"http:\/\/jion-blonstein.com\/workshops\/","title":{"rendered":"Workshops \ud83c\uddfa\ud83c\uddf8 \ud83c\udde9\ud83c\uddea"},"content":{"rendered":"<p class=\"jetpack-slideshow-noscript robots-nocontent\">This slideshow requires JavaScript.<\/p><div id=\"gallery-158-1-slideshow\" class=\"jetpack-slideshow-window jetpack-slideshow jetpack-slideshow-black\" data-trans=\"fade\" data-autostart=\"1\" data-gallery=\"[{&quot;src&quot;:&quot;https:\\\/\\\/i0.wp.com\\\/jion-blonstein.com\\\/wp-content\\\/uploads\\\/2018\\\/01\\\/sir-nicolai-luxushotel-hamburg-neu.jpg?fit=581%2C436&quot;,&quot;id&quot;:&quot;907&quot;,&quot;title&quot;:&quot;sir-nicolai-luxushotel-hamburg-neu&quot;,&quot;alt&quot;:&quot;&quot;,&quot;caption&quot;:&quot;Hotel Sir-Nicolai Meditation\\\/Workshop&quot;,&quot;itemprop&quot;:&quot;image&quot;},{&quot;src&quot;:&quot;https:\\\/\\\/i0.wp.com\\\/jion-blonstein.com\\\/wp-content\\\/uploads\\\/2018\\\/01\\\/26232014_10156170793252941_3259454115201811409_o.jpg?fit=1536%2C2048&quot;,&quot;id&quot;:&quot;895&quot;,&quot;title&quot;:&quot;26232014_10156170793252941_3259454115201811409_o&quot;,&quot;alt&quot;:&quot;&quot;,&quot;caption&quot;:&quot;&quot;,&quot;itemprop&quot;:&quot;image&quot;},{&quot;src&quot;:&quot;https:\\\/\\\/i0.wp.com\\\/jion-blonstein.com\\\/wp-content\\\/uploads\\\/2018\\\/01\\\/26240118_10213351177286382_2636662700178188011_o.jpg?fit=2048%2C1365&quot;,&quot;id&quot;:&quot;901&quot;,&quot;title&quot;:&quot;26240118_10213351177286382_2636662700178188011_o&quot;,&quot;alt&quot;:&quot;&quot;,&quot;caption&quot;:&quot;Zen and Butoh&quot;,&quot;itemprop&quot;:&quot;image&quot;},{&quot;src&quot;:&quot;https:\\\/\\\/i0.wp.com\\\/jion-blonstein.com\\\/wp-content\\\/uploads\\\/2018\\\/01\\\/26232147_10213351360410960_9191827253523399704_o.jpg?fit=2048%2C1536&quot;,&quot;id&quot;:&quot;897&quot;,&quot;title&quot;:&quot;26232147_10213351360410960_9191827253523399704_o&quot;,&quot;alt&quot;:&quot;&quot;,&quot;caption&quot;:&quot;Cold Water Meditation&quot;,&quot;itemprop&quot;:&quot;image&quot;},{&quot;src&quot;:&quot;https:\\\/\\\/i0.wp.com\\\/jion-blonstein.com\\\/wp-content\\\/uploads\\\/2018\\\/01\\\/26232280_10156170809982941_3092871064103593811_o.jpg?fit=1600%2C1200&quot;,&quot;id&quot;:&quot;898&quot;,&quot;title&quot;:&quot;26232280_10156170809982941_3092871064103593811_o&quot;,&quot;alt&quot;:&quot;&quot;,&quot;caption&quot;:&quot;Castle Workshop&quot;,&quot;itemprop&quot;:&quot;image&quot;}]\" itemscope itemtype=\"https:\/\/schema.org\/ImageGallery\"><\/div>\n<p><span class=\"VIiyi\" lang=\"en\"><span class=\"JLqJ4b\" data-language-for-alternatives=\"en\" data-language-to-translate-into=\"de\" data-phrase-index=\"0\">\ud83c\uddfa\ud83c\uddf8 Mediation is subject to a fixed process and simple rituals. A period of mediation is 25 to 30 minutes long. Between these meditation blocks there is walking meditation (Kinhin), Osho-Dynamic-Meditation (movement), Sanzen (the personal conversation with the teacher), Chi-kung (standing meditation) and Breaks and Mutual Mind \/ Heartfull-Talking . An important part of meditation is the sanzen &#8220;individual visit&#8221;. The encounter between master and student is called sanzen. However, the master Jion speaks of is the consciousness within us and the disciple is our ego. Sanzen is about sharing consciousness: We want to recognize what keeps us from our inner master, such as self-doubt and transform it in our common master, consciousness. This is done by the teacher giving koans to the student. Koans are Zen statements of an awakened mind that help expand the mind and prepare it for awakening. They store the awareness more deeply in our consciousness. Koans work emotionally, rationally, psychologically and spiritually. Koans can help resolve trauma and teach you to think creatively and spontaneously. Zen teaching is not aimed at a particular experience, it allows us to recognize the simple, everyday experience as special. The Zen that Jion teaches is alive and constantly developing because, as a teacher, he is allowed to learn from his students. Another part of his workshops is exercise. For this Jion works with Butoh, a dance without a fixed form. It is a tool that shows our inner blockages and by playing with the emotions we gain self-knowledge and ease. Butoh helps us to make peace with ourselves by getting to know and love the dark aspects of our human existence. We face our fears and resistance. Group work has its own dynamic and for some people it is the most effective form of working on oneself and transforming oneself.<\/span><\/span><\/p>\n<p>\ud83c\udde9\ud83c\uddea<\/p>\n<blockquote><p><span style=\"font-size: 16px;\"><strong><em>Zen kann man \u00fcberall praktizieren. Sei es in der Mittagspause oder im Kloster, Zen ist die \u00dcbung des Bewusstseins im Alltag<\/em><\/strong><\/span><span style=\"font-size: 16px;\"><strong>.<\/strong><\/span><\/p><\/blockquote>\n<p><span style=\"font-size: 16px;\">Die Mediation unterliegt einem festen Ablauf und einfachen Ritualen.\u00a0Eine Periode der Mediation ist 25 bis 30 Minuten lang. Zwischen diesen Meditations-Bl\u00f6cken gibt es Geh-Meditation (Kinhin), Osho-Dynamic-Meditation (Bewegung), Sanzen (das pers\u00f6nliche Gespr\u00e4ch mit dem Lehrer), Chi-kung (Steh-Meditation) und Breaks and Mutual Mind\/Heartfull-Talking.<\/span><\/p>\n<p>Ein wichtiger Teil der Meditation ist das Sanzen &#8220;Einzelbesuch&#8221;. Als Sanzen bezeichnet man die Begegnung zwischen Meister und Sch\u00fcler.\u00a0Allerdings ist der Meister, von dem Jion spricht, das Bewusstsein in uns und der Sch\u00fcler unser Ego.\u00a0Im Sanzen geht es um das Teilen des Bewusstseins: Wir wollen erkennen, was uns von unserem inneren Meister abh\u00e4lt, wie z.B. Selbstzweifel und es in unserem gemeinsamen Meister, dem Bewusstsein, transformieren.<br \/>\nDas passiert, indem der Lehrer dem Sch\u00fcler Koans aufgibt.\u00a0Koans sind Zen-Aussagen eines erwachten Geistes, die helfen den Geist zu erweitern und ihn auf das Erwachen vorzubereiten. Sie\u00a0speichern das Bewusstwerden tiefer in unserem Bewusstsein. Koans wirken emotional, rational, psychologisch und spirituell. Koans k\u00f6nnen helfen Traumas aufzul\u00f6sen und lehren kreativ und spontan zu denken.<\/p>\n<p>Die Zen-Lehre zielt nicht auf eine besondere Erfahrung ab, sie erlaubt uns die einfache, allt\u00e4gliche Erfahrung als besonders zu erkennen. Das Zen, welches Jion lehrt, ist lebendig und entwickelt sich immer weiter, weil er als Lehrer von seinen Sch\u00fclern lernen darf.<\/p>\n<p>Ein weiterer Teil seiner Workshops ist Bewegung. Hierf\u00fcr arbeitet Jion mit Butoh, einem Tanz ohne feste Form. Er ist ein Werkzeug, welches unsere inneren Blockaden aufzeigt und durch das Spiel mit den Emotionen gewinnen wir an Selbsterkenntnis und Leichtigkeit.\u00a0Butoh hilft uns Frieden mit uns selbst zu machen, indem wir auch die dunklen Aspekte unseres menschlichen Daseins kennen und lieben lernen.\u00a0Wir begegnen unseren \u00c4ngsten und Widerst\u00e4nden.\u00a0Gruppenarbeit hat eine eigene Dynamik und ist f\u00fcr manche Menschen die effektivste Form an sich zu arbeiten und sich zu transformieren.<\/p>\n<p>&nbsp;<\/p>\n","protected":false},"excerpt":{"rendered":"<p>\ud83c\uddfa\ud83c\uddf8 Mediation is subject to a fixed process and simple rituals. A period of mediation is 25 to 30 minutes long. Between these meditation blocks there is walking meditation (Kinhin), Osho-Dynamic-Meditation (movement), Sanzen (the personal conversation with the teacher), Chi-kung (standing meditation) and Breaks and Mutual Mind \/ Heartfull-Talking . An important part of meditation&#8230;<\/p>\n","protected":false},"author":1,"featured_media":0,"parent":0,"menu_order":0,"comment_status":"closed","ping_status":"closed","template":"nosidebar.php","meta":{"_monsterinsights_skip_tracking":false,"_monsterinsights_sitenote_active":false,"_monsterinsights_sitenote_note":"","_monsterinsights_sitenote_category":0,"_uf_show_specific_survey":0,"_uf_disable_surveys":false,"jetpack_post_was_ever_published":false,"footnotes":""},"class_list":["post-158","page","type-page","status-publish","hentry"],"aioseo_notices":[],"jetpack_sharing_enabled":true,"jetpack_shortlink":"https:\/\/wp.me\/P7DEQd-2y","jetpack-related-posts":[],"_links":{"self":[{"href":"http:\/\/jion-blonstein.com\/wp-json\/wp\/v2\/pages\/158","targetHints":{"allow":["GET"]}}],"collection":[{"href":"http:\/\/jion-blonstein.com\/wp-json\/wp\/v2\/pages"}],"about":[{"href":"http:\/\/jion-blonstein.com\/wp-json\/wp\/v2\/types\/page"}],"author":[{"embeddable":true,"href":"http:\/\/jion-blonstein.com\/wp-json\/wp\/v2\/users\/1"}],"replies":[{"embeddable":true,"href":"http:\/\/jion-blonstein.com\/wp-json\/wp\/v2\/comments?post=158"}],"version-history":[{"count":28,"href":"http:\/\/jion-blonstein.com\/wp-json\/wp\/v2\/pages\/158\/revisions"}],"predecessor-version":[{"id":1682,"href":"http:\/\/jion-blonstein.com\/wp-json\/wp\/v2\/pages\/158\/revisions\/1682"}],"wp:attachment":[{"href":"http:\/\/jion-blonstein.com\/wp-json\/wp\/v2\/media?parent=158"}],"curies":[{"name":"wp","href":"https:\/\/api.w.org\/{rel}","templated":true}]}}